{"id":2391,"date":"2025-11-17T05:27:13","date_gmt":"2025-11-17T05:27:13","guid":{"rendered":"https:\/\/elegantfind.shop\/?post_type=product&#038;p=2391"},"modified":"2025-12-19T18:05:57","modified_gmt":"2025-12-19T18:05:57","slug":"flor-de-esgueva-queso-viejo-de-oveja-mini-madurado-en-corteza-natural-1-kg-elaborado-con-leche-cruda-2","status":"publish","type":"product","link":"https:\/\/elegantfind.shop\/es\/producto\/flor-de-esgueva-queso-viejo-de-oveja-mini-madurado-en-corteza-natural-1-kg-elaborado-con-leche-cruda-2\/","title":{"rendered":"FLOR DE ESGUEVA Queso viejo de oveja, mini madurado en corteza natural , 1 kg elaborado con leche cruda"},"content":{"rendered":"<div data-elementor-type=\"product-post\" data-elementor-id=\"2391\" class=\"elementor elementor-2391\" data-elementor-post-type=\"product\">\n\t\t\t\t<div class=\"elementor-element elementor-element-2f5f1f28 e-flex e-con-boxed e-con e-parent\" data-id=\"2f5f1f28\" data-element_type=\"container\" data-settings=\"{&quot;ekit_has_onepagescroll_dot&quot;:&quot;yes&quot;}\">\n\t\t\t\t\t<div class=\"e-con-inner\">\n\t\t\t\t<div class=\"elementor-element elementor-element-5ea535c elementor-widget elementor-widget-image\" data-id=\"5ea535c\" data-element_type=\"widget\" data-settings=\"{&quot;ekit_we_effect_on&quot;:&quot;none&quot;}\" data-widget_type=\"image.default\">\n\t\t\t\t<div class=\"elementor-widget-container\">\n\t\t\t\t\t\t\t\t\t\t\t\t\t\t\t<img fetchpriority=\"high\" decoding=\"async\" width=\"800\" height=\"600\" src=\"https:\/\/elegantfind.shop\/wp-content\/uploads\/2025\/12\/1.webp\" class=\"attachment-large size-large wp-image-2588 wvs-archive-product-image\" alt=\"\" srcset=\"https:\/\/elegantfind.shop\/wp-content\/uploads\/2025\/12\/1.webp 800w, https:\/\/elegantfind.shop\/wp-content\/uploads\/2025\/12\/1-300x225.webp 300w, https:\/\/elegantfind.shop\/wp-content\/uploads\/2025\/12\/1-768x576.webp 768w, https:\/\/elegantfind.shop\/wp-content\/uploads\/2025\/12\/1-16x12.webp 16w, https:\/\/elegantfind.shop\/wp-content\/uploads\/2025\/12\/1-110x83.webp 110w, https:\/\/elegantfind.shop\/wp-content\/uploads\/2025\/12\/1-60x45.webp 60w, https:\/\/elegantfind.shop\/wp-content\/uploads\/2025\/12\/1-600x450.webp 600w\" sizes=\"(max-width: 800px) 100vw, 800px\" \/>\t\t\t\t\t\t\t\t\t\t\t\t\t\t\t<\/div>\n\t\t\t\t<\/div>\n\t\t\t\t<div class=\"elementor-element elementor-element-ffe2f2f elementor-widget elementor-widget-image\" data-id=\"ffe2f2f\" data-element_type=\"widget\" data-settings=\"{&quot;ekit_we_effect_on&quot;:&quot;none&quot;}\" data-widget_type=\"image.default\">\n\t\t\t\t<div class=\"elementor-widget-container\">\n\t\t\t\t\t\t\t\t\t\t\t\t\t\t\t<img decoding=\"async\" width=\"800\" height=\"600\" src=\"https:\/\/elegantfind.shop\/wp-content\/uploads\/2025\/12\/2.webp\" class=\"attachment-large size-large wp-image-2589 wvs-archive-product-image\" alt=\"\" srcset=\"https:\/\/elegantfind.shop\/wp-content\/uploads\/2025\/12\/2.webp 800w, https:\/\/elegantfind.shop\/wp-content\/uploads\/2025\/12\/2-300x225.webp 300w, https:\/\/elegantfind.shop\/wp-content\/uploads\/2025\/12\/2-768x576.webp 768w, https:\/\/elegantfind.shop\/wp-content\/uploads\/2025\/12\/2-16x12.webp 16w, https:\/\/elegantfind.shop\/wp-content\/uploads\/2025\/12\/2-110x83.webp 110w, https:\/\/elegantfind.shop\/wp-content\/uploads\/2025\/12\/2-60x45.webp 60w, https:\/\/elegantfind.shop\/wp-content\/uploads\/2025\/12\/2-600x450.webp 600w\" sizes=\"(max-width: 800px) 100vw, 800px\" \/>\t\t\t\t\t\t\t\t\t\t\t\t\t\t\t<\/div>\n\t\t\t\t<\/div>\n\t\t\t\t<div class=\"elementor-element elementor-element-c1ab0b7 elementor-widget elementor-widget-image\" data-id=\"c1ab0b7\" data-element_type=\"widget\" data-settings=\"{&quot;ekit_we_effect_on&quot;:&quot;none&quot;}\" data-widget_type=\"image.default\">\n\t\t\t\t<div class=\"elementor-widget-container\">\n\t\t\t\t\t\t\t\t\t\t\t\t\t\t\t<img decoding=\"async\" width=\"800\" height=\"600\" src=\"https:\/\/elegantfind.shop\/wp-content\/uploads\/2025\/12\/3.webp\" class=\"attachment-large size-large wp-image-2590 wvs-archive-product-image\" alt=\"\" srcset=\"https:\/\/elegantfind.shop\/wp-content\/uploads\/2025\/12\/3.webp 800w, https:\/\/elegantfind.shop\/wp-content\/uploads\/2025\/12\/3-300x225.webp 300w, https:\/\/elegantfind.shop\/wp-content\/uploads\/2025\/12\/3-768x576.webp 768w, https:\/\/elegantfind.shop\/wp-content\/uploads\/2025\/12\/3-16x12.webp 16w, https:\/\/elegantfind.shop\/wp-content\/uploads\/2025\/12\/3-110x83.webp 110w, https:\/\/elegantfind.shop\/wp-content\/uploads\/2025\/12\/3-60x45.webp 60w, https:\/\/elegantfind.shop\/wp-content\/uploads\/2025\/12\/3-600x450.webp 600w\" sizes=\"(max-width: 800px) 100vw, 800px\" \/>\t\t\t\t\t\t\t\t\t\t\t\t\t\t\t<\/div>\n\t\t\t\t<\/div>\n\t\t\t\t<div class=\"elementor-element elementor-element-3348b885 elementor-widget elementor-widget-text-editor\" data-id=\"3348b885\" data-element_type=\"widget\" data-settings=\"{&quot;ekit_we_effect_on&quot;:&quot;none&quot;}\" data-widget_type=\"text-editor.default\">\n\t\t\t\t<div class=\"elementor-widget-container\">\n\t\t\t\t\t\t\t\t\t<ul><li>Conservar entre +2\u00b0C y +6\u00b0C<\/li><li>Pa\u00eds de origen: Espa\u00f1a<\/li><li>Ingredientes: Leche de oveja, Sal, Conservador E- 252, Cuajo de origen animal (cordero), Fermentos l\u00e1cticos.<\/li><li>Corteza no comestible<\/li><li>Lista para consumir<\/li><\/ul>\t\t\t\t\t\t\t\t<\/div>\n\t\t\t\t<\/div>\n\t\t\t\t\t<\/div>\n\t\t\t\t<\/div>\n\t\t\t\t<\/div>","protected":false},"excerpt":{"rendered":"<p>Conservar entre +2\u00b0C y +6\u00b0C Pa\u00eds de origen: Espa\u00f1a Ingredientes: Leche de oveja, Sal, Conservador E- 252, Cuajo de origen animal (cordero), Fermentos l\u00e1cticos. Corteza no comestible Listo para consumir<\/p>","protected":false},"featured_media":2275,"comment_status":"open","ping_status":"closed","template":"","meta":{"_acf_changed":false},"product_brand":[],"product_cat":[55],"product_tag":[],"class_list":{"0":"post-2391","1":"product","2":"type-product","3":"status-publish","4":"has-post-thumbnail","6":"product_cat-best-seller","8":"first","9":"instock","10":"sale","11":"shipping-taxable","12":"purchasable","13":"product-type-simple"},"acf":[],"_links":{"self":[{"href":"https:\/\/elegantfind.shop\/es\/wp-json\/wp\/v2\/product\/2391","targetHints":{"allow":["GET"]}}],"collection":[{"href":"https:\/\/elegantfind.shop\/es\/wp-json\/wp\/v2\/product"}],"about":[{"href":"https:\/\/elegantfind.shop\/es\/wp-json\/wp\/v2\/types\/product"}],"replies":[{"embeddable":true,"href":"https:\/\/elegantfind.shop\/es\/wp-json\/wp\/v2\/comments?post=2391"}],"version-history":[{"count":4,"href":"https:\/\/elegantfind.shop\/es\/wp-json\/wp\/v2\/product\/2391\/revisions"}],"predecessor-version":[{"id":2593,"href":"https:\/\/elegantfind.shop\/es\/wp-json\/wp\/v2\/product\/2391\/revisions\/2593"}],"wp:featuredmedia":[{"embeddable":true,"href":"https:\/\/elegantfind.shop\/es\/wp-json\/wp\/v2\/media\/2275"}],"wp:attachment":[{"href":"https:\/\/elegantfind.shop\/es\/wp-json\/wp\/v2\/media?parent=2391"}],"wp:term":[{"taxonomy":"product_brand","embeddable":true,"href":"https:\/\/elegantfind.shop\/es\/wp-json\/wp\/v2\/product_brand?post=2391"},{"taxonomy":"product_cat","embeddable":true,"href":"https:\/\/elegantfind.shop\/es\/wp-json\/wp\/v2\/product_cat?post=2391"},{"taxonomy":"product_tag","embeddable":true,"href":"https:\/\/elegantfind.shop\/es\/wp-json\/wp\/v2\/product_tag?post=2391"}],"curies":[{"name":"wp","href":"https:\/\/api.w.org\/{rel}","templated":true}]}}