{"id":2595,"date":"2025-12-21T08:16:39","date_gmt":"2025-12-21T08:16:39","guid":{"rendered":"https:\/\/elegantfind.shop\/?post_type=product&#038;p=2595"},"modified":"2025-12-21T08:28:09","modified_gmt":"2025-12-21T08:28:09","slug":"windboss-shilajit-himalayo-en-gominolas-80-capsulas-con-ashwagandha-gokshura-con-85-minerales-traza-y-acido-fulvico-para-hombres-y-mujeres-envoltura-individua","status":"publish","type":"product","link":"https:\/\/elegantfind.shop\/es\/producto\/windboss-shilajit-himalayo-en-gominolas-80-capsulas-con-ashwagandha-gokshura-con-85-minerales-traza-y-acido-fulvico-para-hombres-y-mujeres-envoltura-individua\/","title":{"rendered":"WindBoss Shilajit Himalayo en Gominolas - 80 c\u00e1psulas con Ashwagandha, Gokshura - Con 85+ minerales traza y \u00e1cido f\u00falvico - Para hombres y mujeres - Envoltura individual"},"content":{"rendered":"<p><img fetchpriority=\"high\" decoding=\"async\" class=\"aligncenter\" src=\"https:\/\/elegantfind.shop\/wp-content\/uploads\/2025\/12\/2-37-1024x1024.png\" sizes=\"(max-width: 800px) 100vw, 800px\" srcset=\"https:\/\/elegantfind.shop\/wp-content\/uploads\/2025\/12\/2-37-1024x1024.png 1024w, https:\/\/elegantfind.shop\/wp-content\/uploads\/2025\/12\/2-37-300x300.png 300w, https:\/\/elegantfind.shop\/wp-content\/uploads\/2025\/12\/2-37-150x150.png 150w, https:\/\/elegantfind.shop\/wp-content\/uploads\/2025\/12\/2-37-768x768.png 768w, https:\/\/elegantfind.shop\/wp-content\/uploads\/2025\/12\/2-37-600x600.png 600w, https:\/\/elegantfind.shop\/wp-content\/uploads\/2025\/12\/2-37-100x100.png 100w, https:\/\/elegantfind.shop\/wp-content\/uploads\/2025\/12\/2-37-50x50.png 50w, https:\/\/elegantfind.shop\/wp-content\/uploads\/2025\/12\/2-37.png 1200w\" alt=\"\" width=\"800\" height=\"800\" \/><br \/>\n<img decoding=\"async\" class=\"aligncenter\" src=\"https:\/\/elegantfind.shop\/wp-content\/uploads\/2025\/12\/1-47.jpg\" sizes=\"(max-width: 800px) 100vw, 800px\" srcset=\"https:\/\/elegantfind.shop\/wp-content\/uploads\/2025\/12\/1-47.jpg 800w, https:\/\/elegantfind.shop\/wp-content\/uploads\/2025\/12\/1-47-300x300_1.jpg 300w, https:\/\/elegantfind.shop\/wp-content\/uploads\/2025\/12\/1-47-150x150_1.jpg 150w, https:\/\/elegantfind.shop\/wp-content\/uploads\/2025\/12\/1-47-768x768_1.jpg 768w, https:\/\/elegantfind.shop\/wp-content\/uploads\/2025\/12\/1-47-600x600_1.jpg 600w, https:\/\/elegantfind.shop\/wp-content\/uploads\/2025\/12\/1-47-100x100_1.jpg 100w, https:\/\/elegantfind.shop\/wp-content\/uploads\/2025\/12\/1-47-50x50_1.jpg 50w\" alt=\"\" width=\"800\" height=\"800\" \/><br \/>\n<img decoding=\"async\" class=\"aligncenter\" src=\"https:\/\/elegantfind.shop\/wp-content\/uploads\/2025\/12\/3-43.jpg\" sizes=\"(max-width: 800px) 100vw, 800px\" srcset=\"https:\/\/elegantfind.shop\/wp-content\/uploads\/2025\/12\/3-43.jpg 800w, https:\/\/elegantfind.shop\/wp-content\/uploads\/2025\/12\/3-43-300x300_1.jpg 300w, https:\/\/elegantfind.shop\/wp-content\/uploads\/2025\/12\/3-43-150x150_1.jpg 150w, https:\/\/elegantfind.shop\/wp-content\/uploads\/2025\/12\/3-43-768x768_1.jpg 768w, https:\/\/elegantfind.shop\/wp-content\/uploads\/2025\/12\/3-43-600x600_1.jpg 600w, https:\/\/elegantfind.shop\/wp-content\/uploads\/2025\/12\/3-43-100x100_1.jpg 100w, https:\/\/elegantfind.shop\/wp-content\/uploads\/2025\/12\/3-43-50x50_1.jpg 50w\" alt=\"\" width=\"800\" height=\"800\" \/><\/p>\n<ul>\n<li>Probado en laboratorio para garantizar una pureza superior: nuestras gomitas de Shilajit Gold del Himalaya puro se prueban en laboratorio minuciosamente para garantizar que no contienen metales pesados<\/li>\n<li>Shilajit de origen del Himalaya: nuestras gomitas de Shilajit puro del Himalaya se extraen con cuidado de las cimas intactas del Himalaya y contienen shilajit org\u00e1nico de calidad superior.<\/li>\n<li>C\u00f3modo y listo para viajar: Libere el poder de Shilajit con facilidad en un formato de gomitas simple, perfecto para estilos de vida ajetreados. Estas gomitas aptas para viajes se adaptan perfectamente a su estilo de vida saludable<\/li>\n<li>Resistencia, fuerza, vigor y aguante<\/li>\n<\/ul>","protected":false},"excerpt":{"rendered":"<p>Probado en laboratorio para garantizar una pureza superior: nuestras gomitas de Shilajit Gold del Himalaya puro se prueban en laboratorio minuciosamente para garantizar que no contengan metales pesados Shilajit de origen del Himalaya: nuestras gomitas de Shilajit puro del Himalaya se extraen con cuidado de las cimas intactas del Himalaya y contienen shilajit org\u00e1nico de [&hellip;]<\/p>","protected":false},"featured_media":2596,"comment_status":"open","ping_status":"closed","template":"","meta":{"_acf_changed":false},"product_brand":[],"product_cat":[35],"product_tag":[],"class_list":{"0":"post-2595","1":"product","2":"type-product","3":"status-publish","4":"has-post-thumbnail","6":"product_cat-sale","8":"first","9":"instock","10":"sale","11":"shipping-taxable","12":"purchasable","13":"product-type-simple"},"acf":[],"_links":{"self":[{"href":"https:\/\/elegantfind.shop\/es\/wp-json\/wp\/v2\/product\/2595","targetHints":{"allow":["GET"]}}],"collection":[{"href":"https:\/\/elegantfind.shop\/es\/wp-json\/wp\/v2\/product"}],"about":[{"href":"https:\/\/elegantfind.shop\/es\/wp-json\/wp\/v2\/types\/product"}],"replies":[{"embeddable":true,"href":"https:\/\/elegantfind.shop\/es\/wp-json\/wp\/v2\/comments?post=2595"}],"version-history":[{"count":2,"href":"https:\/\/elegantfind.shop\/es\/wp-json\/wp\/v2\/product\/2595\/revisions"}],"predecessor-version":[{"id":2623,"href":"https:\/\/elegantfind.shop\/es\/wp-json\/wp\/v2\/product\/2595\/revisions\/2623"}],"wp:featuredmedia":[{"embeddable":true,"href":"https:\/\/elegantfind.shop\/es\/wp-json\/wp\/v2\/media\/2596"}],"wp:attachment":[{"href":"https:\/\/elegantfind.shop\/es\/wp-json\/wp\/v2\/media?parent=2595"}],"wp:term":[{"taxonomy":"product_brand","embeddable":true,"href":"https:\/\/elegantfind.shop\/es\/wp-json\/wp\/v2\/product_brand?post=2595"},{"taxonomy":"product_cat","embeddable":true,"href":"https:\/\/elegantfind.shop\/es\/wp-json\/wp\/v2\/product_cat?post=2595"},{"taxonomy":"product_tag","embeddable":true,"href":"https:\/\/elegantfind.shop\/es\/wp-json\/wp\/v2\/product_tag?post=2595"}],"curies":[{"name":"wp","href":"https:\/\/api.w.org\/{rel}","templated":true}]}}