{"id":2626,"date":"2025-12-28T11:15:20","date_gmt":"2025-12-28T11:15:20","guid":{"rendered":"https:\/\/elegantfind.shop\/?post_type=product&#038;p=2626"},"modified":"2025-12-28T11:20:46","modified_gmt":"2025-12-28T11:20:46","slug":"reloj-inteligente-de-pantalla-tactil-de-moda-reloj-de-fitness-de-1-cuenta-con-funcion-de-llamada-reloj-inteligente-multifuncional-para-hombres-y-mujeres","status":"publish","type":"product","link":"https:\/\/elegantfind.shop\/es\/producto\/reloj-inteligente-de-pantalla-tactil-de-moda-reloj-de-fitness-de-1-cuenta-con-funcion-de-llamada-reloj-inteligente-multifuncional-para-hombres-y-mujeres\/","title":{"rendered":"Reloj inteligente de pantalla t\u00e1ctil de moda, reloj de fitness de 1 cuenta con funci\u00f3n de llamada, reloj inteligente multifuncional para hombres y mujeres"},"content":{"rendered":"<p><img fetchpriority=\"high\" decoding=\"async\" class=\"aligncenter\" src=\"https:\/\/elegantfind.shop\/wp-content\/uploads\/2025\/12\/4-113-768x1024.jpg\" sizes=\"(max-width: 768px) 100vw, 768px\" srcset=\"https:\/\/elegantfind.shop\/wp-content\/uploads\/2025\/12\/4-113-768x1024.jpg 768w, https:\/\/elegantfind.shop\/wp-content\/uploads\/2025\/12\/4-113-225x300.jpg 225w, https:\/\/elegantfind.shop\/wp-content\/uploads\/2025\/12\/4-113-1152x1536.jpg 1152w, https:\/\/elegantfind.shop\/wp-content\/uploads\/2025\/12\/4-113-1536x2048.jpg 1536w, https:\/\/elegantfind.shop\/wp-content\/uploads\/2025\/12\/4-113-600x800.jpg 600w, https:\/\/elegantfind.shop\/wp-content\/uploads\/2025\/12\/4-113.jpg 1773w\" alt=\"\" width=\"768\" height=\"1024\" \/><br \/>\n<img decoding=\"async\" class=\"aligncenter\" src=\"https:\/\/elegantfind.shop\/wp-content\/uploads\/2025\/12\/3-125-768x1024.jpg\" sizes=\"(max-width: 768px) 100vw, 768px\" srcset=\"https:\/\/elegantfind.shop\/wp-content\/uploads\/2025\/12\/3-125-768x1024.jpg 768w, https:\/\/elegantfind.shop\/wp-content\/uploads\/2025\/12\/3-125-225x300.jpg 225w, https:\/\/elegantfind.shop\/wp-content\/uploads\/2025\/12\/3-125-1152x1536.jpg 1152w, https:\/\/elegantfind.shop\/wp-content\/uploads\/2025\/12\/3-125-1536x2048.jpg 1536w, https:\/\/elegantfind.shop\/wp-content\/uploads\/2025\/12\/3-125-600x800.jpg 600w, https:\/\/elegantfind.shop\/wp-content\/uploads\/2025\/12\/3-125.jpg 1773w\" alt=\"\" width=\"768\" height=\"1024\" \/><br \/>\n<img decoding=\"async\" class=\"aligncenter\" src=\"https:\/\/elegantfind.shop\/wp-content\/uploads\/2025\/12\/2-118-768x1024.jpg\" sizes=\"(max-width: 768px) 100vw, 768px\" srcset=\"https:\/\/elegantfind.shop\/wp-content\/uploads\/2025\/12\/2-118-768x1024.jpg 768w, https:\/\/elegantfind.shop\/wp-content\/uploads\/2025\/12\/2-118-225x300.jpg 225w, https:\/\/elegantfind.shop\/wp-content\/uploads\/2025\/12\/2-118-1152x1536.jpg 1152w, https:\/\/elegantfind.shop\/wp-content\/uploads\/2025\/12\/2-118-1536x2048.jpg 1536w, https:\/\/elegantfind.shop\/wp-content\/uploads\/2025\/12\/2-118-600x800.jpg 600w, https:\/\/elegantfind.shop\/wp-content\/uploads\/2025\/12\/2-118.jpg 1773w\" alt=\"\" width=\"768\" height=\"1024\" \/><br \/>\n<img loading=\"lazy\" decoding=\"async\" class=\"aligncenter\" src=\"https:\/\/elegantfind.shop\/wp-content\/uploads\/2025\/12\/1-131-768x1024.jpg\" sizes=\"(max-width: 768px) 100vw, 768px\" srcset=\"https:\/\/elegantfind.shop\/wp-content\/uploads\/2025\/12\/1-131-768x1024.jpg 768w, https:\/\/elegantfind.shop\/wp-content\/uploads\/2025\/12\/1-131-225x300.jpg 225w, https:\/\/elegantfind.shop\/wp-content\/uploads\/2025\/12\/1-131-1152x1536.jpg 1152w, https:\/\/elegantfind.shop\/wp-content\/uploads\/2025\/12\/1-131-1536x2048.jpg 1536w, https:\/\/elegantfind.shop\/wp-content\/uploads\/2025\/12\/1-131-600x800.jpg 600w, https:\/\/elegantfind.shop\/wp-content\/uploads\/2025\/12\/1-131.jpg 1773w\" alt=\"\" width=\"768\" height=\"1024\" \/><\/p>\n<ul>\n<li>\ud83d\udcde\u3010Bluetooth Call Smartwatch\u3011Con un micr\u00f3fono y un altavoz incorporados, Haulvean smartwatch le permite mantenerse en contacto con su familia o amigos en cualquier momento,en cualquier lugar mediante el uso de Bluetooth para hacer \/ recibir llamadas.<\/li>\n<li>\u231a\u3010Smartwatch con Message Reminder\u3011El reloj inteligente recibe notificaciones de SMS,Facebook,Instagram,Whatsapp etc.Habilita los privilegios de recepci\u00f3n de mensajes para tu reloj inteligente y no te perder\u00e1s ning\u00fan mensaje importante.<\/li>\n<li>\u2705\u3010Personalized Watch Faces\u3011Con la aplicaci\u00f3n GloryFit, puede descargar m\u00e1s de 150 caras de reloj personalizadas gratuitas. Adem\u00e1s, tambi\u00e9n puede seleccionar su foto favorita como la familia, selfie, foto de mascotas, foto del paisaje, su coche como fondo de pantalla en su reloj inteligente.<\/li>\n<li>\ud83d\udc93\u3010All-day Health Monitoring\u3011El reloj de fitness proporciona funciones de monitorizaci\u00f3n de la salud, como la frecuencia card\u00edaca en tiempo real con continuidad las 24 horas, el ox\u00edgeno en sangre (Sp02) y la monitorizaci\u00f3n del sue\u00f1o (sue\u00f1o profundo\/ligero).Puede comprobar la vista completa de los datos de salud en la APP \"GloryFit\".<\/li>\n<li>\ud83c\udfc3\u3010100+ Modos de Deportes\u3011Incluyendo 100+ modos de deportes al aire libre y en interiores, el rastreador de actividad registra la duraci\u00f3n del ejercicio, las calor\u00edas quemadas, los pasos dados, la distancia recorrida, ayud\u00e1ndole a completar mejor sus indicadores deportivos.<\/li>\n<\/ul>","protected":false},"excerpt":{"rendered":"<p>\ud83d\udcde\u3010Bluetooth Call Smartwatch\u3011With a built-in microphone and speaker, Haulvean smartwatch lets you stay in touch with your family or friends anytime,anywhere by using Bluetooth to make\/receive calls. \u231a\u3010Smartwatch with Message Reminder\u3011The smart watch receives notifications from SMS,Facebook,Instagram,Whatsapp etc.Enable message receiving privileges for your smart watch and you won&#8217;t miss any important messages \u2705\u3010Personalized Watch Faces\u3011With [&hellip;]<\/p>","protected":false},"featured_media":2627,"comment_status":"open","ping_status":"closed","template":"","meta":{"_acf_changed":false},"product_brand":[],"product_cat":[35],"product_tag":[],"class_list":{"0":"post-2626","1":"product","2":"type-product","3":"status-publish","4":"has-post-thumbnail","6":"product_cat-sale","8":"first","9":"instock","10":"sale","11":"shipping-taxable","12":"purchasable","13":"product-type-simple"},"acf":[],"_links":{"self":[{"href":"https:\/\/elegantfind.shop\/es\/wp-json\/wp\/v2\/product\/2626","targetHints":{"allow":["GET"]}}],"collection":[{"href":"https:\/\/elegantfind.shop\/es\/wp-json\/wp\/v2\/product"}],"about":[{"href":"https:\/\/elegantfind.shop\/es\/wp-json\/wp\/v2\/types\/product"}],"replies":[{"embeddable":true,"href":"https:\/\/elegantfind.shop\/es\/wp-json\/wp\/v2\/comments?post=2626"}],"version-history":[{"count":3,"href":"https:\/\/elegantfind.shop\/es\/wp-json\/wp\/v2\/product\/2626\/revisions"}],"predecessor-version":[{"id":2661,"href":"https:\/\/elegantfind.shop\/es\/wp-json\/wp\/v2\/product\/2626\/revisions\/2661"}],"wp:featuredmedia":[{"embeddable":true,"href":"https:\/\/elegantfind.shop\/es\/wp-json\/wp\/v2\/media\/2627"}],"wp:attachment":[{"href":"https:\/\/elegantfind.shop\/es\/wp-json\/wp\/v2\/media?parent=2626"}],"wp:term":[{"taxonomy":"product_brand","embeddable":true,"href":"https:\/\/elegantfind.shop\/es\/wp-json\/wp\/v2\/product_brand?post=2626"},{"taxonomy":"product_cat","embeddable":true,"href":"https:\/\/elegantfind.shop\/es\/wp-json\/wp\/v2\/product_cat?post=2626"},{"taxonomy":"product_tag","embeddable":true,"href":"https:\/\/elegantfind.shop\/es\/wp-json\/wp\/v2\/product_tag?post=2626"}],"curies":[{"name":"wp","href":"https:\/\/api.w.org\/{rel}","templated":true}]}}