{"id":2665,"date":"2026-01-19T06:17:06","date_gmt":"2026-01-19T06:17:06","guid":{"rendered":"https:\/\/elegantfind.shop\/?post_type=product&#038;p=2665"},"modified":"2026-01-19T06:25:20","modified_gmt":"2026-01-19T06:25:20","slug":"plancha-de-asar-electrica-90x23-cm-superficie-antiadherente-a-la-piedra-2000w-con-termostato-regulable-y-bandeja-para-recogida-de-grasa","status":"publish","type":"product","link":"https:\/\/elegantfind.shop\/es\/producto\/plancha-de-asar-electrica-90x23-cm-superficie-antiadherente-a-la-piedra-2000w-con-termostato-regulable-y-bandeja-para-recogida-de-grasa\/","title":{"rendered":"Plancha de asar El\u00e9ctrica 90\u00d723 cm Superficie antiadherente a la piedra 2000w con Termostato Regulable y Bandeja para Recogida de Grasa"},"content":{"rendered":"<p><img fetchpriority=\"high\" decoding=\"async\" src=\"https:\/\/elegantfind.shop\/wp-content\/uploads\/2026\/01\/4-31-1024x420.jpg\" sizes=\"(max-width: 800px) 100vw, 800px\" srcset=\"https:\/\/elegantfind.shop\/wp-content\/uploads\/2026\/01\/4-31-1024x420.jpg 1024w, https:\/\/elegantfind.shop\/wp-content\/uploads\/2026\/01\/4-31-300x123.jpg 300w, https:\/\/elegantfind.shop\/wp-content\/uploads\/2026\/01\/4-31-768x315.jpg 768w, https:\/\/elegantfind.shop\/wp-content\/uploads\/2026\/01\/4-31-600x246.jpg 600w, https:\/\/elegantfind.shop\/wp-content\/uploads\/2026\/01\/4-31.jpg 1464w\" alt=\"\" width=\"800\" height=\"328\" \/><br \/>\n<img decoding=\"async\" class=\"aligncenter\" src=\"https:\/\/elegantfind.shop\/wp-content\/uploads\/2026\/01\/6-2-1024x420.jpg\" sizes=\"(max-width: 800px) 100vw, 800px\" srcset=\"https:\/\/elegantfind.shop\/wp-content\/uploads\/2026\/01\/6-2-1024x420.jpg 1024w, https:\/\/elegantfind.shop\/wp-content\/uploads\/2026\/01\/6-2-300x123.jpg 300w, https:\/\/elegantfind.shop\/wp-content\/uploads\/2026\/01\/6-2-768x315.jpg 768w, https:\/\/elegantfind.shop\/wp-content\/uploads\/2026\/01\/6-2-600x246.jpg 600w, https:\/\/elegantfind.shop\/wp-content\/uploads\/2026\/01\/6-2.jpg 1464w\" alt=\"\" width=\"800\" height=\"328\" \/><br \/>\n<img decoding=\"async\" class=\"aligncenter\" src=\"https:\/\/elegantfind.shop\/wp-content\/uploads\/2026\/01\/5-6-1024x420.jpg\" sizes=\"(max-width: 800px) 100vw, 800px\" srcset=\"https:\/\/elegantfind.shop\/wp-content\/uploads\/2026\/01\/5-6-1024x420.jpg 1024w, https:\/\/elegantfind.shop\/wp-content\/uploads\/2026\/01\/5-6-300x123.jpg 300w, https:\/\/elegantfind.shop\/wp-content\/uploads\/2026\/01\/5-6-768x315.jpg 768w, https:\/\/elegantfind.shop\/wp-content\/uploads\/2026\/01\/5-6-600x246.jpg 600w, https:\/\/elegantfind.shop\/wp-content\/uploads\/2026\/01\/5-6.jpg 1464w\" alt=\"\" width=\"800\" height=\"328\" \/><\/p>\n<ul>\n<li>\u3010Superficie de cocci\u00f3n grande y antiadherente\u3011 Esta plancha de asar el\u00e9ctrica cuenta con una gran superficie de cocci\u00f3n de 89 \u00d7 22 cm, que sirve de 8 a 10 personas sin esfuerzo. Con un revestimiento antiadherente, es f\u00e1cil de limpiar la superficie de cocci\u00f3n. La bandeja de goteo equipada y 6 esp\u00e1tulas de madera, la parrilla teppanyaki ofrece comodidad para sus necesidades de cocina.<\/li>\n<li>\u30104 Niveles de Temperatura Ajustable\u3011 Dise\u00f1ada con un controlador, esta parrilla BBQ de mesa cuenta con 4 ajustes de temperatura ajustables -1\u00aa velocidad (100\u2103, 1,5 minutos), 2\u00aa velocidad (120\u2103, 3 minutos), 3\u00aa velocidad (150\u2103, 5 minutos), 4\u00aa velocidad (220\u2103, 12 minutos). Tanto si cocina tortitas, patatas, bistec, beicon o pescado, encontrar\u00e1 el ajuste \u00f3ptimo.<\/li>\n<li>\u3010Alto rendimiento y dise\u00f1o seguro\u3011 La parrilla el\u00e9ctrica promete un calentamiento r\u00e1pido y una alta eficiencia gracias a su termostato incorporado. Por favor, precaliente durante 1,5 minutos por adelantado. Con la protecci\u00f3n contra sobrecalentamiento, la seguridad est\u00e1 garantizada al apagar autom\u00e1ticamente la calefacci\u00f3n cuando la temperatura excede los l\u00edmites seguros.<\/li>\n<\/ul>","protected":false},"excerpt":{"rendered":"<p>\u3010Large &amp; Nonstick Cooking Surface\u3011 This electric griddle boasts a large grilling area measuring 89 \u00d7 22cm, serving 8-10 people effortlessly. With a nonstick coating, it is easy to clean the cooking surface. The equipped drip tray and 6 wooden spatulas, the teppanyaki grill offers convenience for your cooking needs. \u30104-Level Adjustable Temperature\u3011 Designed with [&hellip;]<\/p>","protected":false},"featured_media":2668,"comment_status":"open","ping_status":"closed","template":"","meta":{"_acf_changed":false},"product_brand":[],"product_cat":[35],"product_tag":[],"class_list":{"0":"post-2665","1":"product","2":"type-product","3":"status-publish","4":"has-post-thumbnail","6":"product_cat-sale","8":"first","9":"instock","10":"sale","11":"shipping-taxable","12":"purchasable","13":"product-type-variable","14":"has-default-attributes","15":"wvs-archive-product-wrapper"},"acf":[],"_links":{"self":[{"href":"https:\/\/elegantfind.shop\/es\/wp-json\/wp\/v2\/product\/2665","targetHints":{"allow":["GET"]}}],"collection":[{"href":"https:\/\/elegantfind.shop\/es\/wp-json\/wp\/v2\/product"}],"about":[{"href":"https:\/\/elegantfind.shop\/es\/wp-json\/wp\/v2\/types\/product"}],"replies":[{"embeddable":true,"href":"https:\/\/elegantfind.shop\/es\/wp-json\/wp\/v2\/comments?post=2665"}],"version-history":[{"count":3,"href":"https:\/\/elegantfind.shop\/es\/wp-json\/wp\/v2\/product\/2665\/revisions"}],"predecessor-version":[{"id":2692,"href":"https:\/\/elegantfind.shop\/es\/wp-json\/wp\/v2\/product\/2665\/revisions\/2692"}],"wp:featuredmedia":[{"embeddable":true,"href":"https:\/\/elegantfind.shop\/es\/wp-json\/wp\/v2\/media\/2668"}],"wp:attachment":[{"href":"https:\/\/elegantfind.shop\/es\/wp-json\/wp\/v2\/media?parent=2665"}],"wp:term":[{"taxonomy":"product_brand","embeddable":true,"href":"https:\/\/elegantfind.shop\/es\/wp-json\/wp\/v2\/product_brand?post=2665"},{"taxonomy":"product_cat","embeddable":true,"href":"https:\/\/elegantfind.shop\/es\/wp-json\/wp\/v2\/product_cat?post=2665"},{"taxonomy":"product_tag","embeddable":true,"href":"https:\/\/elegantfind.shop\/es\/wp-json\/wp\/v2\/product_tag?post=2665"}],"curies":[{"name":"wp","href":"https:\/\/api.w.org\/{rel}","templated":true}]}}